{"id":3987,"date":"2025-09-01T15:19:49","date_gmt":"2025-09-01T13:19:49","guid":{"rendered":"https:\/\/lemgalvanica.com\/?page_id=3987"},"modified":"2025-12-01T17:58:21","modified_gmt":"2025-12-01T16:58:21","slug":"medias-presse","status":"publish","type":"page","link":"https:\/\/lemgalvanica.com\/fr\/medias-presse\/","title":{"rendered":"M\u00e9dias &#038; Presse"},"content":{"rendered":"<div class=\"wpb-content-wrapper\"><p>[vc_row row_height_percent=\u00a0\u00bb0&Prime; override_padding=\u00a0\u00bbyes\u00a0\u00bb h_padding=\u00a0\u00bb2&Prime; top_padding=\u00a0\u00bb3&Prime; bottom_padding=\u00a0\u00bb3&Prime; overlay_alpha=\u00a0\u00bb50&Prime; gutter_size=\u00a0\u00bb3&Prime; column_width_percent=\u00a0\u00bb100&Prime; shift_y=\u00a0\u00bb0&Prime; z_index=\u00a0\u00bb0&Prime; uncode_shortcode_id=\u00a0\u00bb537118&Prime; el_class=\u00a0\u00bbajax-filters\u00a0\u00bb][vc_column column_width_percent=\u00a0\u00bb100&Prime; gutter_size=\u00a0\u00bb3&Prime; overlay_alpha=\u00a0\u00bb50&Prime; shift_x=\u00a0\u00bb0&Prime; shift_y=\u00a0\u00bb0&Prime; shift_y_down=\u00a0\u00bb0&Prime; z_index=\u00a0\u00bb0&Prime; medium_width=\u00a0\u00bb0&Prime; mobile_width=\u00a0\u00bb0&Prime; css_animation=\u00a0\u00bbalpha-anim\u00a0\u00bb width=\u00a0\u00bb1\/1&Prime; uncode_shortcode_id=\u00a0\u00bb380216&Prime;][vc_custom_heading heading_semantic=\u00a0\u00bbh1&Prime; text_size=\u00a0\u00bbh1&Prime; css_animation=\u00a0\u00bbcurtain\u00a0\u00bb uncode_shortcode_id=\u00a0\u00bb116952&Prime;]M\u00e9dias &amp; Presse[\/vc_custom_heading][vc_column_text css_animation=\u00a0\u00bbalpha-anim\u00a0\u00bb animation_speed=\u00a0\u00bb400&Prime; uncode_shortcode_id=\u00a0\u00bb770438&Prime;]D\u00e9couvrez les publications et les contenus multim\u00e9dias qui retracent l\u2019\u00e9volution du PVD et de la galvanisation : articles, interviews et vid\u00e9os qui parlent de nous, de nos innovations et des finitions d\u00e9di\u00e9es au monde du luxe.[\/vc_column_text][\/vc_column][\/vc_row][vc_row row_height_percent=\u00a0\u00bb0&Prime; override_padding=\u00a0\u00bbyes\u00a0\u00bb h_padding=\u00a0\u00bb2&Prime; top_padding=\u00a0\u00bb0&Prime; bottom_padding=\u00a0\u00bb0&Prime; overlay_alpha=\u00a0\u00bb50&Prime; gutter_size=\u00a0\u00bb4&Prime; column_width_percent=\u00a0\u00bb100&Prime; shift_y=\u00a0\u00bb0&Prime; z_index=\u00a0\u00bb0&Prime; content_parallax=\u00a0\u00bb0&Prime; uncode_shortcode_id=\u00a0\u00bb690470&Prime;][vc_column column_width_percent=\u00a0\u00bb100&Prime; align_horizontal=\u00a0\u00bbalign_center\u00a0\u00bb gutter_size=\u00a0\u00bb2&Prime; overlay_alpha=\u00a0\u00bb50&Prime; shift_x=\u00a0\u00bb0&Prime; shift_y=\u00a0\u00bb0&Prime; shift_y_down=\u00a0\u00bb0&Prime; z_index=\u00a0\u00bb0&Prime; medium_width=\u00a0\u00bb0&Prime; mobile_width=\u00a0\u00bb0&Prime; width=\u00a0\u00bb1\/1&Prime; uncode_shortcode_id=\u00a0\u00bb155021&Prime;][vc_separator sep_color=\u00a0\u00bb\u00a0\u00bb uncode_shortcode_id=\u00a0\u00bb134633&Prime; sep_color_type=\u00a0\u00bbuncode-solid\u00a0\u00bb sep_color_solid=\u00a0\u00bb#ebebeb\u00a0\u00bb el_height=\u00a0\u00bb1&Prime;][\/vc_column][\/vc_row][vc_row row_height_percent=\u00a0\u00bb25&Prime; override_padding=\u00a0\u00bbyes\u00a0\u00bb h_padding=\u00a0\u00bb2&Prime; top_padding=\u00a0\u00bb4&Prime; bottom_padding=\u00a0\u00bb4&Prime; back_color=\u00a0\u00bbcolor-xsdn\u00a0\u00bb overlay_alpha=\u00a0\u00bb50&Prime; gutter_size=\u00a0\u00bb3&Prime; column_width_percent=\u00a0\u00bb100&Prime; shift_y=\u00a0\u00bb0&Prime; z_index=\u00a0\u00bb1&Prime; content_parallax=\u00a0\u00bb0&Prime; uncode_shortcode_id=\u00a0\u00bb872028&Prime; back_color_type=\u00a0\u00bbuncode-palette\u00a0\u00bb][vc_column column_width_percent=\u00a0\u00bb100&Prime; position_vertical=\u00a0\u00bbmiddle\u00a0\u00bb align_horizontal=\u00a0\u00bbalign_center\u00a0\u00bb gutter_size=\u00a0\u00bb3&Prime; overlay_alpha=\u00a0\u00bb50&Prime; shift_x=\u00a0\u00bb0&Prime; shift_y=\u00a0\u00bb0&Prime; shift_y_down=\u00a0\u00bb0&Prime; z_index=\u00a0\u00bb0&Prime; medium_width=\u00a0\u00bb0&Prime; mobile_width=\u00a0\u00bb0&Prime; width=\u00a0\u00bb1\/1&Prime; uncode_shortcode_id=\u00a0\u00bb639593&Prime;][vc_custom_heading text_font=\u00a0\u00bbfont-662878&Prime; text_italic=\u00a0\u00bbyes\u00a0\u00bb css_animation=\u00a0\u00bbcurtain\u00a0\u00bb animation_speed=\u00a0\u00bb300&Prime; uncode_shortcode_id=\u00a0\u00bb547544&Prime;]M\u00e9dias[\/vc_custom_heading][vc_empty_space][vc_gallery el_id=\u00a0\u00bbgallery-193948&Prime; isotope_mode=\u00a0\u00bbfitRows\u00a0\u00bb medias=\u00a0\u00bb4585,4588,4053,4056,4059,4062,4065,4068,4071,4075,4078,4081,4165,4091,4094,4097,4100,4106,4109,4112,4115,4118,4121,4124,4127,4130,4133,4136,4139,4161&Prime; infinite=\u00a0\u00bbyes\u00a0\u00bb infinite_preloaded_items=\u00a0\u00bb6&Prime; infinite_loading_items=\u00a0\u00bb12&Prime; infinite_button=\u00a0\u00bbyes\u00a0\u00bb infinite_button_outline=\u00a0\u00bbyes\u00a0\u00bb gutter_size=\u00a0\u00bb3&Prime; media_items=\u00a0\u00bbmedia|lightbox|original,title,caption\u00a0\u00bb screen_lg=\u00a0\u00bb1000&Prime; screen_md=\u00a0\u00bb600&Prime; screen_sm=\u00a0\u00bb480&Prime; single_text=\u00a0\u00bbunder\u00a0\u00bb single_width=\u00a0\u00bb6&Prime; images_size=\u00a0\u00bbfour-three\u00a0\u00bb single_overlay_opacity=\u00a0\u00bb50&Prime; single_padding=\u00a0\u00bb2&Prime; single_title_dimension=\u00a0\u00bbh3&Prime; single_title_weight=\u00a0\u00bb700&Prime; uncode_shortcode_id=\u00a0\u00bb141351&Prime; infinite_button_text=\u00a0\u00bbMostra di pi\u00f9\u00a0\u00bb][vc_empty_space][\/vc_column][\/vc_row][vc_row row_height_percent=\u00a0\u00bb0&Prime; override_padding=\u00a0\u00bbyes\u00a0\u00bb h_padding=\u00a0\u00bb2&Prime; top_padding=\u00a0\u00bb0&Prime; bottom_padding=\u00a0\u00bb0&Prime; overlay_alpha=\u00a0\u00bb50&Prime; gutter_size=\u00a0\u00bb4&Prime; column_width_percent=\u00a0\u00bb100&Prime; shift_y=\u00a0\u00bb0&Prime; z_index=\u00a0\u00bb0&Prime; content_parallax=\u00a0\u00bb0&Prime; uncode_shortcode_id=\u00a0\u00bb690470&Prime;][vc_column column_width_percent=\u00a0\u00bb100&Prime; align_horizontal=\u00a0\u00bbalign_center\u00a0\u00bb gutter_size=\u00a0\u00bb2&Prime; overlay_alpha=\u00a0\u00bb50&Prime; shift_x=\u00a0\u00bb0&Prime; shift_y=\u00a0\u00bb0&Prime; shift_y_down=\u00a0\u00bb0&Prime; z_index=\u00a0\u00bb0&Prime; medium_width=\u00a0\u00bb0&Prime; mobile_width=\u00a0\u00bb0&Prime; width=\u00a0\u00bb1\/1&Prime; uncode_shortcode_id=\u00a0\u00bb155021&Prime;][vc_separator sep_color=\u00a0\u00bb\u00a0\u00bb uncode_shortcode_id=\u00a0\u00bb134633&Prime; sep_color_type=\u00a0\u00bbuncode-solid\u00a0\u00bb sep_color_solid=\u00a0\u00bb#ebebeb\u00a0\u00bb el_height=\u00a0\u00bb1&Prime;][\/vc_column][\/vc_row][vc_row row_height_percent=\u00a0\u00bb25&Prime; override_padding=\u00a0\u00bbyes\u00a0\u00bb h_padding=\u00a0\u00bb2&Prime; top_padding=\u00a0\u00bb4&Prime; bottom_padding=\u00a0\u00bb4&Prime; back_color=\u00a0\u00bbcolor-xsdn\u00a0\u00bb overlay_alpha=\u00a0\u00bb50&Prime; gutter_size=\u00a0\u00bb3&Prime; column_width_percent=\u00a0\u00bb100&Prime; shift_y=\u00a0\u00bb0&Prime; z_index=\u00a0\u00bb1&Prime; content_parallax=\u00a0\u00bb0&Prime; uncode_shortcode_id=\u00a0\u00bb872028&Prime; back_color_type=\u00a0\u00bbuncode-palette\u00a0\u00bb][vc_column column_width_percent=\u00a0\u00bb100&Prime; position_vertical=\u00a0\u00bbmiddle\u00a0\u00bb align_horizontal=\u00a0\u00bbalign_center\u00a0\u00bb gutter_size=\u00a0\u00bb3&Prime; overlay_alpha=\u00a0\u00bb50&Prime; shift_x=\u00a0\u00bb0&Prime; shift_y=\u00a0\u00bb0&Prime; shift_y_down=\u00a0\u00bb0&Prime; z_index=\u00a0\u00bb0&Prime; medium_width=\u00a0\u00bb0&Prime; mobile_width=\u00a0\u00bb0&Prime; width=\u00a0\u00bb1\/1&Prime; uncode_shortcode_id=\u00a0\u00bb639593&Prime;][vc_custom_heading text_font=\u00a0\u00bbfont-662878&Prime; text_italic=\u00a0\u00bbyes\u00a0\u00bb css_animation=\u00a0\u00bbcurtain\u00a0\u00bb animation_speed=\u00a0\u00bb300&Prime; uncode_shortcode_id=\u00a0\u00bb131064&Prime;]Presse[\/vc_custom_heading][vc_empty_space][vc_gallery el_id=\u00a0\u00bbgallery-193948&Prime; isotope_mode=\u00a0\u00bbfitRows\u00a0\u00bb medias=\u00a0\u00bb4149,4152,4155,4158,4161&Prime; infinite=\u00a0\u00bbyes\u00a0\u00bb infinite_preloaded_items=\u00a0\u00bb6&Prime; infinite_loading_items=\u00a0\u00bb12&Prime; infinite_button=\u00a0\u00bbyes\u00a0\u00bb infinite_button_outline=\u00a0\u00bbyes\u00a0\u00bb gutter_size=\u00a0\u00bb3&Prime; media_items=\u00a0\u00bbmedia|custom_link|original,title,caption,description\u00a0\u00bb screen_lg=\u00a0\u00bb1000&Prime; screen_md=\u00a0\u00bb600&Prime; screen_sm=\u00a0\u00bb480&Prime; single_text=\u00a0\u00bbunder\u00a0\u00bb single_width=\u00a0\u00bb6&Prime; images_size=\u00a0\u00bbthree-four\u00a0\u00bb single_overlay_coloration=\u00a0\u00bbbottom_gradient\u00a0\u00bb single_overlay_opacity=\u00a0\u00bb1&Prime; single_image_magnetic=\u00a0\u00bbyes\u00a0\u00bb single_padding=\u00a0\u00bb2&Prime; single_title_dimension=\u00a0\u00bbh3&Prime; single_title_weight=\u00a0\u00bb700&Prime; uncode_shortcode_id=\u00a0\u00bb622336&Prime; infinite_button_text=\u00a0\u00bbMostra di pi\u00f9\u00a0\u00bb items=\u00a0\u00bbeyI0MTQ3X2kiOnsic2luZ2xlX2xpbmsiOiJ1cmw6aHR0cHM6Ly93d3cubGFuYXppb25lLml0L2FyZXp6by9jcm9uYWNhL2xlbS1yaXNvcmdlLWRhbGxlLXN1ZS1jZW5lcmktMmRkMGQzZWM\/dXRtX3NvdXJjZT1jaGF0Z3B0LmNvbXx0YXJnZXQ6X2JsYW5rIn0sIjQxNTBfaSI6eyJzaW5nbGVfbGluayI6InVybDpodHRwczovL3ZhbGRhcm5vcG9zdC5pdC9hdHR1YWxpdGEvaW5hdWd1cmF0by1pbC1udW92by1zdGFiaWxpbWVudG8tbGVtLWZlbmljZS1sYS1yaXBhcnRlbnphLWRvcG8tbGluY2VuZGlvLWRlbC0yMDIxLz91dG1fc291cmNlPWNoYXRncHQuY29tfHRhcmdldDpfYmxhbmsifSwiNDE1M19pIjp7InNpbmdsZV9saW5rIjoidXJsOmh0dHBzOi8vd3d3LmFuc2EuaXQvc2l0by9ub3RpemllL2Vjb25vbWlhL3BtaS8yMDIzLzEwLzE3L2d1YWxkYW5pLWEtZ3VpZGEtZ3J1cHBvLXZhbGRhcm5vLWRpLWNvbmZpbmR1c3RyaWEtdG9zY2FuYS1zdWRfOWE4OTM2ODQtYjYwZC00MDE3LTliZGEtNmIwMDE2Y2U3ZTViLmh0bWw\/dXRtX3NvdXJjZT1jaGF0Z3B0LmNvbXx0YXJnZXQ6X2JsYW5rIn0sIjQxNTZfaSI6eyJzaW5nbGVfbGluayI6InVybDpodHRwczovL3d3dy5wYW1iaWFuY29uZXdzLmNvbS8yMDIyLzEwLzI3L2xlbS1hbm51bmNpYS1saW50ZWdyYXppb25lLWRpLXgtcGxhdGluZy0zNTc0MTAvP3V0bV9zb3VyY2U9Y2hhdGdwdC5jb218dGFyZ2V0Ol9ibGFuayJ9LCI0MTU5X2kiOnsic2luZ2xlX2xpbmsiOiJ1cmw6aHR0cHM6Ly93d3cubWlsYW5vZmluYW56YS5pdC9mYXNoaW9uL2xlbS11bi1wb2xvLXBlci1sYS1nYWx2YW5pY2EtZGEtNzAtbWlsaW9uaS1kaS1ldXJvLTIwMjIxMTIzMTcyOTQxNDQ1NT91dG1fc291cmNlPWNoYXRncHQuY29tfHRhcmdldDpfYmxhbmsifX0=\u00a0\u00bb][vc_empty_space][\/vc_column][\/vc_row][vc_row unlock_row_content=\u00a0\u00bbyes\u00a0\u00bb row_height_percent=\u00a0\u00bb50&Prime; override_padding=\u00a0\u00bbyes\u00a0\u00bb h_padding=\u00a0\u00bb2&Prime; top_padding=\u00a0\u00bb4&Prime; bottom_padding=\u00a0\u00bb4&Prime; back_color=\u00a0\u00bbcolor-nhtu\u00a0\u00bb overlay_alpha=\u00a0\u00bb0&Prime; gutter_size=\u00a0\u00bb3&Prime; column_width_percent=\u00a0\u00bb100&Prime; shift_y=\u00a0\u00bb0&Prime; z_index=\u00a0\u00bb0&Prime; uncode_shortcode_id=\u00a0\u00bb150033&Prime; back_color_type=\u00a0\u00bbuncode-palette\u00a0\u00bb][vc_column column_width_use_pixel=\u00a0\u00bbyes\u00a0\u00bb position_vertical=\u00a0\u00bbmiddle\u00a0\u00bb align_horizontal=\u00a0\u00bbalign_center\u00a0\u00bb gutter_size=\u00a0\u00bb3&Prime; style=\u00a0\u00bbdark\u00a0\u00bb overlay_alpha=\u00a0\u00bb100&Prime; shift_x=\u00a0\u00bb0&Prime; shift_y=\u00a0\u00bb0&Prime; shift_y_down=\u00a0\u00bb0&Prime; z_index=\u00a0\u00bb0&Prime; medium_width=\u00a0\u00bb0&Prime; mobile_width=\u00a0\u00bb0&Prime; zoom_width=\u00a0\u00bb0&Prime; zoom_height=\u00a0\u00bb0&Prime; width=\u00a0\u00bb1\/1&Prime; column_width_pixel=\u00a0\u00bb700&Prime; uncode_shortcode_id=\u00a0\u00bb695406&Prime;][vc_custom_heading text_color=\u00a0\u00bbcolor-xsdn\u00a0\u00bb text_italic=\u00a0\u00bbyes\u00a0\u00bb css_animation=\u00a0\u00bbcurtain\u00a0\u00bb animation_speed=\u00a0\u00bb300&Prime; text_align=\u00a0\u00bbtext-center\u00a0\u00bb uncode_shortcode_id=\u00a0\u00bb842466&Prime; text_color_type=\u00a0\u00bbuncode-palette\u00a0\u00bb]Faites confiance aux experts de LEM : l\u2019excellence italienne dans les traitements galvaniques, PVD et effet vintage.[\/vc_custom_heading][vc_column_text css_animation=\u00a0\u00bbalpha-anim\u00a0\u00bb uncode_shortcode_id=\u00a0\u00bb159068&Prime;]Si vous recherchez des solutions innovantes et performantes pour le rev\u00eatement de vos produits, contactez LEM d\u00e8s aujourd\u2019hui. D\u00e9couvrez comment nos rev\u00eatements peuvent transformer vos projets et garantir qualit\u00e9 et style sans compromis. <strong>Demandez plus d\u2019informations<\/strong> et explorez nos solutions sur mesure.[\/vc_column_text][vc_button outline=\u00a0\u00bbyes\u00a0\u00bb border_width=\u00a0\u00bb0&Prime; css_animation=\u00a0\u00bbalpha-anim\u00a0\u00bb animation_delay=\u00a0\u00bb100&Prime; uncode_shortcode_id=\u00a0\u00bb867670&Prime; link=\u00a0\u00bburl:%23form|\u00a0\u00bb]Demandez plus d\u2019informations[\/vc_button][\/vc_column][\/vc_row]<\/p>\n<\/div>","protected":false},"excerpt":{"rendered":"<p>Explorez les vid\u00e9os, interviews et articles consacr\u00e9s \u00e0 LEM, entreprise italienne leader dans les traitements galvaniques et PVD.<\/p>\n","protected":false},"author":1,"featured_media":4146,"parent":0,"menu_order":0,"comment_status":"closed","ping_status":"closed","template":"","meta":{"footnotes":""},"class_list":["post-3987","page","type-page","status-publish","has-post-thumbnail","hentry"],"yoast_head":"<!-- This site is optimized with the Yoast SEO plugin v27.2 - https:\/\/yoast.com\/product\/yoast-seo-wordpress\/ -->\n<title>M\u00e9dias &amp; Presse &#8211; Lem Galvanica<\/title>\n<meta name=\"robots\" content=\"index, follow, max-snippet:-1, max-image-preview:large, max-video-preview:-1\" \/>\n<link rel=\"canonical\" href=\"https:\/\/lemgalvanica.com\/fr\/medias-presse\/\" \/>\n<meta property=\"og:locale\" content=\"fr_FR\" \/>\n<meta property=\"og:type\" content=\"article\" \/>\n<meta property=\"og:title\" content=\"M\u00e9dias &amp; Presse &#8211; Lem Galvanica\" \/>\n<meta property=\"og:description\" content=\"Explorez les vid\u00e9os, interviews et articles consacr\u00e9s \u00e0 LEM, entreprise italienne leader dans les traitements galvaniques et PVD.\" \/>\n<meta property=\"og:url\" content=\"https:\/\/lemgalvanica.com\/fr\/medias-presse\/\" \/>\n<meta property=\"og:site_name\" content=\"Lem Galvanica\" \/>\n<meta property=\"article:modified_time\" content=\"2025-12-01T16:58:21+00:00\" \/>\n<meta property=\"og:image\" content=\"https:\/\/lemgalvanica.com\/wp-content\/uploads\/interviewing-businessman-on-press-conference-2024-10-18-09-33-10-utc.jpg\" \/>\n\t<meta property=\"og:image:width\" content=\"1920\" \/>\n\t<meta property=\"og:image:height\" content=\"1281\" \/>\n\t<meta property=\"og:image:type\" content=\"image\/jpeg\" \/>\n<meta name=\"twitter:card\" content=\"summary_large_image\" \/>\n<meta name=\"twitter:label1\" content=\"Dur\u00e9e de lecture estim\u00e9e\" \/>\n\t<meta name=\"twitter:data1\" content=\"2 minutes\" \/>\n<script type=\"application\/ld+json\" class=\"yoast-schema-graph\">{\"@context\":\"https:\/\/schema.org\",\"@graph\":[{\"@type\":\"WebPage\",\"@id\":\"https:\/\/lemgalvanica.com\/fr\/medias-presse\/\",\"url\":\"https:\/\/lemgalvanica.com\/fr\/medias-presse\/\",\"name\":\"M\u00e9dias & Presse &#8211; Lem Galvanica\",\"isPartOf\":{\"@id\":\"https:\/\/lemgalvanica.com\/fr\/#website\"},\"primaryImageOfPage\":{\"@id\":\"https:\/\/lemgalvanica.com\/fr\/medias-presse\/#primaryimage\"},\"image\":{\"@id\":\"https:\/\/lemgalvanica.com\/fr\/medias-presse\/#primaryimage\"},\"thumbnailUrl\":\"https:\/\/lemgalvanica.com\/wp-content\/uploads\/interviewing-businessman-on-press-conference-2024-10-18-09-33-10-utc.jpg\",\"datePublished\":\"2025-09-01T13:19:49+00:00\",\"dateModified\":\"2025-12-01T16:58:21+00:00\",\"breadcrumb\":{\"@id\":\"https:\/\/lemgalvanica.com\/fr\/medias-presse\/#breadcrumb\"},\"inLanguage\":\"fr-FR\",\"potentialAction\":[{\"@type\":\"ReadAction\",\"target\":[\"https:\/\/lemgalvanica.com\/fr\/medias-presse\/\"]}]},{\"@type\":\"ImageObject\",\"inLanguage\":\"fr-FR\",\"@id\":\"https:\/\/lemgalvanica.com\/fr\/medias-presse\/#primaryimage\",\"url\":\"https:\/\/lemgalvanica.com\/wp-content\/uploads\/interviewing-businessman-on-press-conference-2024-10-18-09-33-10-utc.jpg\",\"contentUrl\":\"https:\/\/lemgalvanica.com\/wp-content\/uploads\/interviewing-businessman-on-press-conference-2024-10-18-09-33-10-utc.jpg\",\"width\":1920,\"height\":1281},{\"@type\":\"BreadcrumbList\",\"@id\":\"https:\/\/lemgalvanica.com\/fr\/medias-presse\/#breadcrumb\",\"itemListElement\":[{\"@type\":\"ListItem\",\"position\":1,\"name\":\"Home\",\"item\":\"https:\/\/lemgalvanica.com\/fr\/\"},{\"@type\":\"ListItem\",\"position\":2,\"name\":\"M\u00e9dias &#038; Presse\"}]},{\"@type\":\"WebSite\",\"@id\":\"https:\/\/lemgalvanica.com\/fr\/#website\",\"url\":\"https:\/\/lemgalvanica.com\/fr\/\",\"name\":\"Lem Galvanica\",\"description\":\"Innovazione e Made in Italy nel trattamento galvanico e PVD\",\"publisher\":{\"@id\":\"https:\/\/lemgalvanica.com\/fr\/#organization\"},\"potentialAction\":[{\"@type\":\"SearchAction\",\"target\":{\"@type\":\"EntryPoint\",\"urlTemplate\":\"https:\/\/lemgalvanica.com\/fr\/?s={search_term_string}\"},\"query-input\":{\"@type\":\"PropertyValueSpecification\",\"valueRequired\":true,\"valueName\":\"search_term_string\"}}],\"inLanguage\":\"fr-FR\"},{\"@type\":\"Organization\",\"@id\":\"https:\/\/lemgalvanica.com\/fr\/#organization\",\"name\":\"Lem Industries\",\"url\":\"https:\/\/lemgalvanica.com\/fr\/\",\"logo\":{\"@type\":\"ImageObject\",\"inLanguage\":\"fr-FR\",\"@id\":\"https:\/\/lemgalvanica.com\/fr\/#\/schema\/logo\/image\/\",\"url\":\"https:\/\/lemgalvanica.com\/wp-content\/uploads\/LEM_LEM-nuovo-logo.jpg\",\"contentUrl\":\"https:\/\/lemgalvanica.com\/wp-content\/uploads\/LEM_LEM-nuovo-logo.jpg\",\"width\":1920,\"height\":1280,\"caption\":\"Lem Industries\"},\"image\":{\"@id\":\"https:\/\/lemgalvanica.com\/fr\/#\/schema\/logo\/image\/\"},\"sameAs\":[\"https:\/\/www.linkedin.com\/company\/lem-industries\/\"]}]}<\/script>\n<!-- \/ Yoast SEO plugin. -->","yoast_head_json":{"title":"M\u00e9dias & Presse &#8211; Lem Galvanica","robots":{"index":"index","follow":"follow","max-snippet":"max-snippet:-1","max-image-preview":"max-image-preview:large","max-video-preview":"max-video-preview:-1"},"canonical":"https:\/\/lemgalvanica.com\/fr\/medias-presse\/","og_locale":"fr_FR","og_type":"article","og_title":"M\u00e9dias & Presse &#8211; Lem Galvanica","og_description":"Explorez les vid\u00e9os, interviews et articles consacr\u00e9s \u00e0 LEM, entreprise italienne leader dans les traitements galvaniques et PVD.","og_url":"https:\/\/lemgalvanica.com\/fr\/medias-presse\/","og_site_name":"Lem Galvanica","article_modified_time":"2025-12-01T16:58:21+00:00","og_image":[{"width":1920,"height":1281,"url":"https:\/\/lemgalvanica.com\/wp-content\/uploads\/interviewing-businessman-on-press-conference-2024-10-18-09-33-10-utc.jpg","type":"image\/jpeg"}],"twitter_card":"summary_large_image","twitter_misc":{"Dur\u00e9e de lecture estim\u00e9e":"2 minutes"},"schema":{"@context":"https:\/\/schema.org","@graph":[{"@type":"WebPage","@id":"https:\/\/lemgalvanica.com\/fr\/medias-presse\/","url":"https:\/\/lemgalvanica.com\/fr\/medias-presse\/","name":"M\u00e9dias & Presse &#8211; Lem Galvanica","isPartOf":{"@id":"https:\/\/lemgalvanica.com\/fr\/#website"},"primaryImageOfPage":{"@id":"https:\/\/lemgalvanica.com\/fr\/medias-presse\/#primaryimage"},"image":{"@id":"https:\/\/lemgalvanica.com\/fr\/medias-presse\/#primaryimage"},"thumbnailUrl":"https:\/\/lemgalvanica.com\/wp-content\/uploads\/interviewing-businessman-on-press-conference-2024-10-18-09-33-10-utc.jpg","datePublished":"2025-09-01T13:19:49+00:00","dateModified":"2025-12-01T16:58:21+00:00","breadcrumb":{"@id":"https:\/\/lemgalvanica.com\/fr\/medias-presse\/#breadcrumb"},"inLanguage":"fr-FR","potentialAction":[{"@type":"ReadAction","target":["https:\/\/lemgalvanica.com\/fr\/medias-presse\/"]}]},{"@type":"ImageObject","inLanguage":"fr-FR","@id":"https:\/\/lemgalvanica.com\/fr\/medias-presse\/#primaryimage","url":"https:\/\/lemgalvanica.com\/wp-content\/uploads\/interviewing-businessman-on-press-conference-2024-10-18-09-33-10-utc.jpg","contentUrl":"https:\/\/lemgalvanica.com\/wp-content\/uploads\/interviewing-businessman-on-press-conference-2024-10-18-09-33-10-utc.jpg","width":1920,"height":1281},{"@type":"BreadcrumbList","@id":"https:\/\/lemgalvanica.com\/fr\/medias-presse\/#breadcrumb","itemListElement":[{"@type":"ListItem","position":1,"name":"Home","item":"https:\/\/lemgalvanica.com\/fr\/"},{"@type":"ListItem","position":2,"name":"M\u00e9dias &#038; Presse"}]},{"@type":"WebSite","@id":"https:\/\/lemgalvanica.com\/fr\/#website","url":"https:\/\/lemgalvanica.com\/fr\/","name":"Lem Galvanica","description":"Innovazione e Made in Italy nel trattamento galvanico e PVD","publisher":{"@id":"https:\/\/lemgalvanica.com\/fr\/#organization"},"potentialAction":[{"@type":"SearchAction","target":{"@type":"EntryPoint","urlTemplate":"https:\/\/lemgalvanica.com\/fr\/?s={search_term_string}"},"query-input":{"@type":"PropertyValueSpecification","valueRequired":true,"valueName":"search_term_string"}}],"inLanguage":"fr-FR"},{"@type":"Organization","@id":"https:\/\/lemgalvanica.com\/fr\/#organization","name":"Lem Industries","url":"https:\/\/lemgalvanica.com\/fr\/","logo":{"@type":"ImageObject","inLanguage":"fr-FR","@id":"https:\/\/lemgalvanica.com\/fr\/#\/schema\/logo\/image\/","url":"https:\/\/lemgalvanica.com\/wp-content\/uploads\/LEM_LEM-nuovo-logo.jpg","contentUrl":"https:\/\/lemgalvanica.com\/wp-content\/uploads\/LEM_LEM-nuovo-logo.jpg","width":1920,"height":1280,"caption":"Lem Industries"},"image":{"@id":"https:\/\/lemgalvanica.com\/fr\/#\/schema\/logo\/image\/"},"sameAs":["https:\/\/www.linkedin.com\/company\/lem-industries\/"]}]}},"_links":{"self":[{"href":"https:\/\/lemgalvanica.com\/fr\/wp-json\/wp\/v2\/pages\/3987","targetHints":{"allow":["GET"]}}],"collection":[{"href":"https:\/\/lemgalvanica.com\/fr\/wp-json\/wp\/v2\/pages"}],"about":[{"href":"https:\/\/lemgalvanica.com\/fr\/wp-json\/wp\/v2\/types\/page"}],"author":[{"embeddable":true,"href":"https:\/\/lemgalvanica.com\/fr\/wp-json\/wp\/v2\/users\/1"}],"replies":[{"embeddable":true,"href":"https:\/\/lemgalvanica.com\/fr\/wp-json\/wp\/v2\/comments?post=3987"}],"version-history":[{"count":10,"href":"https:\/\/lemgalvanica.com\/fr\/wp-json\/wp\/v2\/pages\/3987\/revisions"}],"predecessor-version":[{"id":4599,"href":"https:\/\/lemgalvanica.com\/fr\/wp-json\/wp\/v2\/pages\/3987\/revisions\/4599"}],"wp:featuredmedia":[{"embeddable":true,"href":"https:\/\/lemgalvanica.com\/fr\/wp-json\/wp\/v2\/media\/4146"}],"wp:attachment":[{"href":"https:\/\/lemgalvanica.com\/fr\/wp-json\/wp\/v2\/media?parent=3987"}],"curies":[{"name":"wp","href":"https:\/\/api.w.org\/{rel}","templated":true}]}}