{"id":3016,"date":"2024-10-31T16:06:41","date_gmt":"2024-10-31T15:06:41","guid":{"rendered":"https:\/\/lemgalvanica.com\/traitements\/"},"modified":"2025-04-08T12:07:06","modified_gmt":"2025-04-08T10:07:06","slug":"traitements","status":"publish","type":"page","link":"https:\/\/lemgalvanica.com\/fr\/traitements\/","title":{"rendered":"Traitements"},"content":{"rendered":"<div class=\"wpb-content-wrapper\"><p>[vc_row row_height_percent=\u00a0\u00bb0&Prime; override_padding=\u00a0\u00bbyes\u00a0\u00bb h_padding=\u00a0\u00bb2&Prime; top_padding=\u00a0\u00bb0&Prime; bottom_padding=\u00a0\u00bb0&Prime; overlay_alpha=\u00a0\u00bb50&Prime; gutter_size=\u00a0\u00bb4&Prime; column_width_percent=\u00a0\u00bb100&Prime; shift_y=\u00a0\u00bb0&Prime; z_index=\u00a0\u00bb0&Prime; uncode_shortcode_id=\u00a0\u00bb159028&Prime;][vc_column column_width_percent=\u00a0\u00bb100&Prime; align_horizontal=\u00a0\u00bbalign_center\u00a0\u00bb gutter_size=\u00a0\u00bb2&Prime; overlay_alpha=\u00a0\u00bb50&Prime; shift_x=\u00a0\u00bb0&Prime; shift_y=\u00a0\u00bb0&Prime; shift_y_down=\u00a0\u00bb0&Prime; z_index=\u00a0\u00bb0&Prime; medium_width=\u00a0\u00bb0&Prime; mobile_width=\u00a0\u00bb0&Prime; width=\u00a0\u00bb1\/1&Prime; uncode_shortcode_id=\u00a0\u00bb155021&Prime;][vc_separator sep_color=\u00a0\u00bb\u00a0\u00bb uncode_shortcode_id=\u00a0\u00bb134633&Prime; sep_color_type=\u00a0\u00bbuncode-solid\u00a0\u00bb sep_color_solid=\u00a0\u00bb#ebebeb\u00a0\u00bb el_height=\u00a0\u00bb1&Prime;][\/vc_column][\/vc_row][vc_row row_height_percent=\u00a0\u00bb0&Prime; override_padding=\u00a0\u00bbyes\u00a0\u00bb h_padding=\u00a0\u00bb2&Prime; top_padding=\u00a0\u00bb3&Prime; bottom_padding=\u00a0\u00bb3&Prime; overlay_alpha=\u00a0\u00bb50&Prime; gutter_size=\u00a0\u00bb3&Prime; column_width_percent=\u00a0\u00bb100&Prime; shift_y=\u00a0\u00bb0&Prime; z_index=\u00a0\u00bb0&Prime; uncode_shortcode_id=\u00a0\u00bb537118&Prime; el_class=\u00a0\u00bbajax-filters\u00a0\u00bb][vc_column column_width_percent=\u00a0\u00bb100&Prime; gutter_size=\u00a0\u00bb3&Prime; overlay_alpha=\u00a0\u00bb50&Prime; shift_x=\u00a0\u00bb0&Prime; shift_y=\u00a0\u00bb0&Prime; shift_y_down=\u00a0\u00bb0&Prime; z_index=\u00a0\u00bb0&Prime; medium_width=\u00a0\u00bb0&Prime; mobile_width=\u00a0\u00bb0&Prime; css_animation=\u00a0\u00bbalpha-anim\u00a0\u00bb width=\u00a0\u00bb1\/1&Prime; uncode_shortcode_id=\u00a0\u00bb380216&Prime;][vc_custom_heading heading_semantic=\u00a0\u00bbh1&Prime; text_size=\u00a0\u00bbh1&Prime; css_animation=\u00a0\u00bbcurtain\u00a0\u00bb uncode_shortcode_id=\u00a0\u00bb141853&Prime;]Traitements[\/vc_custom_heading][vc_column_text css_animation=\u00a0\u00bbalpha-anim\u00a0\u00bb animation_speed=\u00a0\u00bb400&Prime; uncode_shortcode_id=\u00a0\u00bb168841&Prime;]D\u00e9couvrez les secrets de nos traitements pour d&rsquo;excellents rev\u00eatements et finitions de surface.<br \/>\n<strong>Rev\u00eatements galvaniques, finitions PVD, traitements vintage : <\/strong>nos solutions les plus avanc\u00e9es pour prot\u00e9ger et valoriser vos produits. D\u00e9couvrez comment chaque traitement rehausse et colore chaque surface, cr\u00e9ant un effet unique et authentique.[\/vc_column_text][vc_separator sep_color=\u00a0\u00bb\u00a0\u00bb uncode_shortcode_id=\u00a0\u00bb134633&Prime; sep_color_type=\u00a0\u00bbuncode-solid\u00a0\u00bb sep_color_solid=\u00a0\u00bb#ebebeb\u00a0\u00bb el_height=\u00a0\u00bb1&Prime;][uncode_index el_id=\u00a0\u00bbindex-182713&Prime; loop=\u00a0\u00bbsize:3|order_by:title|post_type:page|tax_query:55|taxonomy_count:10&Prime; screen_lg=\u00a0\u00bb1000&Prime; screen_md=\u00a0\u00bb600&Prime; screen_sm=\u00a0\u00bb480&Prime; gutter_size=\u00a0\u00bb3&Prime; page_items=\u00a0\u00bbmedia|featured|onpost|original,title,text|excerpt,link|default|small_size|scale_mobile|default_width|outline_inverse|En savoir plus\u00a0\u00bb images_size=\u00a0\u00bbtwo-three\u00a0\u00bb single_overlay_opacity=\u00a0\u00bb1&Prime; single_image_magnetic=\u00a0\u00bbyes\u00a0\u00bb single_padding=\u00a0\u00bb2&Prime; single_title_dimension=\u00a0\u00bbh5&Prime; single_title_weight=\u00a0\u00bb700&Prime; single_title_transform=\u00a0\u00bbuppercase\u00a0\u00bb uncode_shortcode_id=\u00a0\u00bb169247&Prime;][\/vc_column][\/vc_row][vc_row unlock_row_content=\u00a0\u00bbyes\u00a0\u00bb row_height_percent=\u00a0\u00bb50&Prime; override_padding=\u00a0\u00bbyes\u00a0\u00bb h_padding=\u00a0\u00bb2&Prime; top_padding=\u00a0\u00bb4&Prime; bottom_padding=\u00a0\u00bb4&Prime; back_color=\u00a0\u00bbcolor-nhtu\u00a0\u00bb overlay_alpha=\u00a0\u00bb0&Prime; gutter_size=\u00a0\u00bb3&Prime; column_width_percent=\u00a0\u00bb100&Prime; shift_y=\u00a0\u00bb0&Prime; z_index=\u00a0\u00bb0&Prime; uncode_shortcode_id=\u00a0\u00bb150033&Prime; back_color_type=\u00a0\u00bbuncode-palette\u00a0\u00bb][vc_column column_width_use_pixel=\u00a0\u00bbyes\u00a0\u00bb position_vertical=\u00a0\u00bbmiddle\u00a0\u00bb align_horizontal=\u00a0\u00bbalign_center\u00a0\u00bb gutter_size=\u00a0\u00bb3&Prime; style=\u00a0\u00bbdark\u00a0\u00bb overlay_alpha=\u00a0\u00bb100&Prime; shift_x=\u00a0\u00bb0&Prime; shift_y=\u00a0\u00bb0&Prime; shift_y_down=\u00a0\u00bb0&Prime; z_index=\u00a0\u00bb0&Prime; medium_width=\u00a0\u00bb0&Prime; mobile_width=\u00a0\u00bb0&Prime; zoom_width=\u00a0\u00bb0&Prime; zoom_height=\u00a0\u00bb0&Prime; width=\u00a0\u00bb1\/1&Prime; column_width_pixel=\u00a0\u00bb700&Prime; uncode_shortcode_id=\u00a0\u00bb695406&Prime;][vc_custom_heading text_color=\u00a0\u00bbcolor-xsdn\u00a0\u00bb text_italic=\u00a0\u00bbyes\u00a0\u00bb css_animation=\u00a0\u00bbcurtain\u00a0\u00bb animation_speed=\u00a0\u00bb300&Prime; text_align=\u00a0\u00bbtext-center\u00a0\u00bb uncode_shortcode_id=\u00a0\u00bb177300&Prime; text_color_type=\u00a0\u00bbuncode-palette\u00a0\u00bb]Faites confiance aux techniciens de LEM pour des rev\u00eatements exceptionnels.[\/vc_custom_heading][vc_column_text css_animation=\u00a0\u00bbalpha-anim\u00a0\u00bb uncode_shortcode_id=\u00a0\u00bb937901&Prime;]Si vous recherchez des solutions fiables et innovantes pour le rev\u00eatement de vos produits, contactez LEM d\u00e8s aujourd&rsquo;hui. D\u00e9couvrez comment nos rev\u00eatements peuvent transformer vos projets et garantir une qualit\u00e9 et un style sans compromis.  <\/p>\n<p><strong>Demandez plus d&rsquo;informations<\/strong> et d\u00e9couvrez nos solutions sur mesure.[\/vc_column_text][vc_button outline=\u00a0\u00bbyes\u00a0\u00bb border_width=\u00a0\u00bb0&Prime; css_animation=\u00a0\u00bbalpha-anim\u00a0\u00bb animation_delay=\u00a0\u00bb100&Prime; uncode_shortcode_id=\u00a0\u00bb208751&Prime; link=\u00a0\u00bburl:%23form|\u00a0\u00bb]Demander plus d&rsquo;informations[\/vc_button][\/vc_column][\/vc_row]<\/p>\n<\/div>","protected":false},"excerpt":{"rendered":"<p>[vc_row row_height_percent=\u00a0\u00bb0&Prime; override_padding=\u00a0\u00bbyes\u00a0\u00bb h_padding=\u00a0\u00bb2&Prime; top_padding=\u00a0\u00bb0&Prime; bottom_padding=\u00a0\u00bb0&Prime; overlay_alpha=\u00a0\u00bb50&Prime; gutter_size=\u00a0\u00bb4&Prime; column_width_percent=\u00a0\u00bb100&Prime; shift_y=\u00a0\u00bb0&Prime; z_index=\u00a0\u00bb0&Prime; uncode_shortcode_id=\u00a0\u00bb159028&Prime;][vc_column column_width_percent=\u00a0\u00bb100&Prime; align_horizontal=\u00a0\u00bbalign_center\u00a0\u00bb gutter_size=\u00a0\u00bb2&Prime; overlay_alpha=\u00a0\u00bb50&Prime; shift_x=\u00a0\u00bb0&Prime; shift_y=\u00a0\u00bb0&Prime; shift_y_down=\u00a0\u00bb0&Prime; z_index=\u00a0\u00bb0&Prime; [&hellip;]<\/p>\n","protected":false},"author":1,"featured_media":0,"parent":0,"menu_order":0,"comment_status":"closed","ping_status":"closed","template":"","meta":{"footnotes":""},"class_list":["post-3016","page","type-page","status-publish","hentry"],"yoast_head":"<!-- This site is optimized with the Yoast SEO plugin v27.2 - https:\/\/yoast.com\/product\/yoast-seo-wordpress\/ -->\n<title>Traitements &#8211; Lem Galvanica<\/title>\n<meta name=\"robots\" content=\"index, follow, max-snippet:-1, max-image-preview:large, max-video-preview:-1\" \/>\n<link rel=\"canonical\" href=\"https:\/\/lemgalvanica.com\/fr\/traitements\/\" \/>\n<meta property=\"og:locale\" content=\"fr_FR\" \/>\n<meta property=\"og:type\" content=\"article\" \/>\n<meta property=\"og:title\" content=\"Traitements &#8211; Lem Galvanica\" \/>\n<meta property=\"og:description\" content=\"[vc_row row_height_percent=\u00a0\u00bb0&Prime; override_padding=\u00a0\u00bbyes\u00a0\u00bb h_padding=\u00a0\u00bb2&Prime; top_padding=\u00a0\u00bb0&Prime; bottom_padding=\u00a0\u00bb0&Prime; overlay_alpha=\u00a0\u00bb50&Prime; gutter_size=\u00a0\u00bb4&Prime; column_width_percent=\u00a0\u00bb100&Prime; shift_y=\u00a0\u00bb0&Prime; z_index=\u00a0\u00bb0&Prime; uncode_shortcode_id=\u00a0\u00bb159028&Prime;][vc_column column_width_percent=\u00a0\u00bb100&Prime; align_horizontal=\u00a0\u00bbalign_center\u00a0\u00bb gutter_size=\u00a0\u00bb2&Prime; overlay_alpha=\u00a0\u00bb50&Prime; shift_x=\u00a0\u00bb0&Prime; shift_y=\u00a0\u00bb0&Prime; shift_y_down=\u00a0\u00bb0&Prime; z_index=\u00a0\u00bb0&Prime; [&hellip;]\" \/>\n<meta property=\"og:url\" content=\"https:\/\/lemgalvanica.com\/fr\/traitements\/\" \/>\n<meta property=\"og:site_name\" content=\"Lem Galvanica\" \/>\n<meta property=\"article:modified_time\" content=\"2025-04-08T10:07:06+00:00\" \/>\n<meta name=\"twitter:card\" content=\"summary_large_image\" \/>\n<meta name=\"twitter:label1\" content=\"Dur\u00e9e de lecture estim\u00e9e\" \/>\n\t<meta name=\"twitter:data1\" content=\"3 minutes\" \/>\n<script type=\"application\/ld+json\" class=\"yoast-schema-graph\">{\"@context\":\"https:\/\/schema.org\",\"@graph\":[{\"@type\":\"WebPage\",\"@id\":\"https:\/\/lemgalvanica.com\/fr\/traitements\/\",\"url\":\"https:\/\/lemgalvanica.com\/fr\/traitements\/\",\"name\":\"Traitements &#8211; Lem Galvanica\",\"isPartOf\":{\"@id\":\"https:\/\/lemgalvanica.com\/fr\/#website\"},\"datePublished\":\"2024-10-31T15:06:41+00:00\",\"dateModified\":\"2025-04-08T10:07:06+00:00\",\"breadcrumb\":{\"@id\":\"https:\/\/lemgalvanica.com\/fr\/traitements\/#breadcrumb\"},\"inLanguage\":\"fr-FR\",\"potentialAction\":[{\"@type\":\"ReadAction\",\"target\":[\"https:\/\/lemgalvanica.com\/fr\/traitements\/\"]}]},{\"@type\":\"BreadcrumbList\",\"@id\":\"https:\/\/lemgalvanica.com\/fr\/traitements\/#breadcrumb\",\"itemListElement\":[{\"@type\":\"ListItem\",\"position\":1,\"name\":\"Home\",\"item\":\"https:\/\/lemgalvanica.com\/fr\/\"},{\"@type\":\"ListItem\",\"position\":2,\"name\":\"Traitements\"}]},{\"@type\":\"WebSite\",\"@id\":\"https:\/\/lemgalvanica.com\/fr\/#website\",\"url\":\"https:\/\/lemgalvanica.com\/fr\/\",\"name\":\"Lem Galvanica\",\"description\":\"Innovazione e Made in Italy nel trattamento galvanico e PVD\",\"publisher\":{\"@id\":\"https:\/\/lemgalvanica.com\/fr\/#organization\"},\"potentialAction\":[{\"@type\":\"SearchAction\",\"target\":{\"@type\":\"EntryPoint\",\"urlTemplate\":\"https:\/\/lemgalvanica.com\/fr\/?s={search_term_string}\"},\"query-input\":{\"@type\":\"PropertyValueSpecification\",\"valueRequired\":true,\"valueName\":\"search_term_string\"}}],\"inLanguage\":\"fr-FR\"},{\"@type\":\"Organization\",\"@id\":\"https:\/\/lemgalvanica.com\/fr\/#organization\",\"name\":\"Lem Industries\",\"url\":\"https:\/\/lemgalvanica.com\/fr\/\",\"logo\":{\"@type\":\"ImageObject\",\"inLanguage\":\"fr-FR\",\"@id\":\"https:\/\/lemgalvanica.com\/fr\/#\/schema\/logo\/image\/\",\"url\":\"https:\/\/lemgalvanica.com\/wp-content\/uploads\/LEM_LEM-nuovo-logo.jpg\",\"contentUrl\":\"https:\/\/lemgalvanica.com\/wp-content\/uploads\/LEM_LEM-nuovo-logo.jpg\",\"width\":1920,\"height\":1280,\"caption\":\"Lem Industries\"},\"image\":{\"@id\":\"https:\/\/lemgalvanica.com\/fr\/#\/schema\/logo\/image\/\"},\"sameAs\":[\"https:\/\/www.linkedin.com\/company\/lem-industries\/\"]}]}<\/script>\n<!-- \/ Yoast SEO plugin. -->","yoast_head_json":{"title":"Traitements &#8211; Lem Galvanica","robots":{"index":"index","follow":"follow","max-snippet":"max-snippet:-1","max-image-preview":"max-image-preview:large","max-video-preview":"max-video-preview:-1"},"canonical":"https:\/\/lemgalvanica.com\/fr\/traitements\/","og_locale":"fr_FR","og_type":"article","og_title":"Traitements &#8211; Lem Galvanica","og_description":"[vc_row row_height_percent=\u00a0\u00bb0&Prime; override_padding=\u00a0\u00bbyes\u00a0\u00bb h_padding=\u00a0\u00bb2&Prime; top_padding=\u00a0\u00bb0&Prime; bottom_padding=\u00a0\u00bb0&Prime; overlay_alpha=\u00a0\u00bb50&Prime; gutter_size=\u00a0\u00bb4&Prime; column_width_percent=\u00a0\u00bb100&Prime; shift_y=\u00a0\u00bb0&Prime; z_index=\u00a0\u00bb0&Prime; uncode_shortcode_id=\u00a0\u00bb159028&Prime;][vc_column column_width_percent=\u00a0\u00bb100&Prime; align_horizontal=\u00a0\u00bbalign_center\u00a0\u00bb gutter_size=\u00a0\u00bb2&Prime; overlay_alpha=\u00a0\u00bb50&Prime; shift_x=\u00a0\u00bb0&Prime; shift_y=\u00a0\u00bb0&Prime; shift_y_down=\u00a0\u00bb0&Prime; z_index=\u00a0\u00bb0&Prime; [&hellip;]","og_url":"https:\/\/lemgalvanica.com\/fr\/traitements\/","og_site_name":"Lem Galvanica","article_modified_time":"2025-04-08T10:07:06+00:00","twitter_card":"summary_large_image","twitter_misc":{"Dur\u00e9e de lecture estim\u00e9e":"3 minutes"},"schema":{"@context":"https:\/\/schema.org","@graph":[{"@type":"WebPage","@id":"https:\/\/lemgalvanica.com\/fr\/traitements\/","url":"https:\/\/lemgalvanica.com\/fr\/traitements\/","name":"Traitements &#8211; Lem Galvanica","isPartOf":{"@id":"https:\/\/lemgalvanica.com\/fr\/#website"},"datePublished":"2024-10-31T15:06:41+00:00","dateModified":"2025-04-08T10:07:06+00:00","breadcrumb":{"@id":"https:\/\/lemgalvanica.com\/fr\/traitements\/#breadcrumb"},"inLanguage":"fr-FR","potentialAction":[{"@type":"ReadAction","target":["https:\/\/lemgalvanica.com\/fr\/traitements\/"]}]},{"@type":"BreadcrumbList","@id":"https:\/\/lemgalvanica.com\/fr\/traitements\/#breadcrumb","itemListElement":[{"@type":"ListItem","position":1,"name":"Home","item":"https:\/\/lemgalvanica.com\/fr\/"},{"@type":"ListItem","position":2,"name":"Traitements"}]},{"@type":"WebSite","@id":"https:\/\/lemgalvanica.com\/fr\/#website","url":"https:\/\/lemgalvanica.com\/fr\/","name":"Lem Galvanica","description":"Innovazione e Made in Italy nel trattamento galvanico e PVD","publisher":{"@id":"https:\/\/lemgalvanica.com\/fr\/#organization"},"potentialAction":[{"@type":"SearchAction","target":{"@type":"EntryPoint","urlTemplate":"https:\/\/lemgalvanica.com\/fr\/?s={search_term_string}"},"query-input":{"@type":"PropertyValueSpecification","valueRequired":true,"valueName":"search_term_string"}}],"inLanguage":"fr-FR"},{"@type":"Organization","@id":"https:\/\/lemgalvanica.com\/fr\/#organization","name":"Lem Industries","url":"https:\/\/lemgalvanica.com\/fr\/","logo":{"@type":"ImageObject","inLanguage":"fr-FR","@id":"https:\/\/lemgalvanica.com\/fr\/#\/schema\/logo\/image\/","url":"https:\/\/lemgalvanica.com\/wp-content\/uploads\/LEM_LEM-nuovo-logo.jpg","contentUrl":"https:\/\/lemgalvanica.com\/wp-content\/uploads\/LEM_LEM-nuovo-logo.jpg","width":1920,"height":1280,"caption":"Lem Industries"},"image":{"@id":"https:\/\/lemgalvanica.com\/fr\/#\/schema\/logo\/image\/"},"sameAs":["https:\/\/www.linkedin.com\/company\/lem-industries\/"]}]}},"_links":{"self":[{"href":"https:\/\/lemgalvanica.com\/fr\/wp-json\/wp\/v2\/pages\/3016","targetHints":{"allow":["GET"]}}],"collection":[{"href":"https:\/\/lemgalvanica.com\/fr\/wp-json\/wp\/v2\/pages"}],"about":[{"href":"https:\/\/lemgalvanica.com\/fr\/wp-json\/wp\/v2\/types\/page"}],"author":[{"embeddable":true,"href":"https:\/\/lemgalvanica.com\/fr\/wp-json\/wp\/v2\/users\/1"}],"replies":[{"embeddable":true,"href":"https:\/\/lemgalvanica.com\/fr\/wp-json\/wp\/v2\/comments?post=3016"}],"version-history":[{"count":3,"href":"https:\/\/lemgalvanica.com\/fr\/wp-json\/wp\/v2\/pages\/3016\/revisions"}],"predecessor-version":[{"id":3661,"href":"https:\/\/lemgalvanica.com\/fr\/wp-json\/wp\/v2\/pages\/3016\/revisions\/3661"}],"wp:attachment":[{"href":"https:\/\/lemgalvanica.com\/fr\/wp-json\/wp\/v2\/media?parent=3016"}],"curies":[{"name":"wp","href":"https:\/\/api.w.org\/{rel}","templated":true}]}}