{"id":2872,"date":"2025-02-06T14:23:48","date_gmt":"2025-02-06T13:23:48","guid":{"rendered":"https:\/\/lemgalvanica.com\/contact\/"},"modified":"2025-03-13T11:50:30","modified_gmt":"2025-03-13T10:50:30","slug":"contact","status":"publish","type":"page","link":"https:\/\/lemgalvanica.com\/fr\/contact\/","title":{"rendered":"Contact"},"content":{"rendered":"<div class=\"wpb-content-wrapper\"><p>[vc_row row_height_percent=\u00a0\u00bb0&Prime; override_padding=\u00a0\u00bbyes\u00a0\u00bb h_padding=\u00a0\u00bb2&Prime; top_padding=\u00a0\u00bb3&Prime; bottom_padding=\u00a0\u00bb3&Prime; overlay_alpha=\u00a0\u00bb50&Prime; gutter_size=\u00a0\u00bb3&Prime; column_width_percent=\u00a0\u00bb100&Prime; shift_y=\u00a0\u00bb0&Prime; z_index=\u00a0\u00bb0&Prime; uncode_shortcode_id=\u00a0\u00bb537118&Prime; el_class=\u00a0\u00bbajax-filters\u00a0\u00bb][vc_column column_width_percent=\u00a0\u00bb100&Prime; gutter_size=\u00a0\u00bb3&Prime; overlay_alpha=\u00a0\u00bb50&Prime; shift_x=\u00a0\u00bb0&Prime; shift_y=\u00a0\u00bb0&Prime; shift_y_down=\u00a0\u00bb0&Prime; z_index=\u00a0\u00bb0&Prime; medium_width=\u00a0\u00bb0&Prime; mobile_width=\u00a0\u00bb0&Prime; css_animation=\u00a0\u00bbalpha-anim\u00a0\u00bb width=\u00a0\u00bb1\/1&Prime; uncode_shortcode_id=\u00a0\u00bb380216&Prime;][vc_custom_heading heading_semantic=\u00a0\u00bbh1&Prime; text_size=\u00a0\u00bbh1&Prime; css_animation=\u00a0\u00bbcurtain\u00a0\u00bb uncode_shortcode_id=\u00a0\u00bb775096&Prime;]Contact[\/vc_custom_heading][vc_column_text css_animation=\u00a0\u00bbalpha-anim\u00a0\u00bb animation_speed=\u00a0\u00bb400&Prime; uncode_shortcode_id=\u00a0\u00bb230111&Prime;]<span style=\"font-weight: 400;\">Contactez les techniciens de LEM pour obtenir des informations et de l&rsquo;aide sur le<strong>s traitements PVD et de galvanoplastie<\/strong> pour vos produits.<br \/><strong>Demandez un devis ou recevez plus d&rsquo;informations<\/strong> sur les finitions de surface souhait\u00e9es.<\/span>[\/vc_column_text][vc_separator sep_color=\u00a0\u00bb\u00a0\u00bb uncode_shortcode_id=\u00a0\u00bb137083&Prime; sep_color_type=\u00a0\u00bbuncode-solid\u00a0\u00bb sep_color_solid=\u00a0\u00bb#eaeaea\u00a0\u00bb][vc_row_inner row_inner_height_percent=\u00a0\u00bb0&Prime; overlay_alpha=\u00a0\u00bb50&Prime; gutter_size=\u00a0\u00bb3&Prime; shift_y=\u00a0\u00bb0&Prime; z_index=\u00a0\u00bb0&Prime; uncode_shortcode_id=\u00a0\u00bb185544&Prime; limit_content=\u00a0\u00bb\u00a0\u00bb][vc_column_inner width=\u00a0\u00bb1\/3&Prime;][vc_custom_heading heading_semantic=\u00a0\u00bbh3&Prime; text_size=\u00a0\u00bbh3&Prime; uncode_shortcode_id=\u00a0\u00bb211825&Prime;]LEM S.r.l.[\/vc_custom_heading][vc_column_text uncode_shortcode_id=\u00a0\u00bb103656&Prime;]Via Leo Valiani 45\/47, 52021 Levane-Bucine (AR)<\/p>\n<p><a href=\"tel:+39%20055%2097%2088%20590\" data-cmp-ab=\"2\">+39 055 97 88 590<\/a><\/p>\n<p><a href=\"mailto:info@lemgalvanica.com\" data-cmp-ab=\"2\">info@lemgalvanica.com<br \/><\/a><a href=\"mailto:commerciale@lemgalvanica.com\" data-cmp-ab=\"2\">commerciale@lemgalvanica.com<\/a><\/p>\n<p>C.F. e P. IVA: 02052660517<\/p>\n<p><em>Entreprise soumise \u00e0 la gestion et \u00e0 la coordination exerc\u00e9es par LEM INDUSTRIES Spa.<\/em><br \/><a href=\"https:\/\/www.lemindustriesspa.com\">www.lemindustriesspa.com<\/a>[\/vc_column_text][uncode_socials][\/vc_column_inner][vc_column_inner width=\u00a0\u00bb2\/3&Prime;][vc_raw_js]JTNDaWZyYW1lJTIwc3JjJTNEJTIyaHR0cHMlM0ElMkYlMkZ3d3cuZ29vZ2xlLmNvbSUyRm1hcHMlMkZlbWJlZCUzRnBiJTNEJTIxMW0xOCUyMTFtMTIlMjExbTMlMjExZDI2OTUwNi4yODAxMzU5NzYxNSUyMTJkMTEuNDk2Mzk3Mzk4NDExODA4JTIxM2Q0My41MjU2MTM3MzAxNDE0NjUlMjEybTMlMjExZjAlMjEyZjAlMjEzZjAlMjEzbTIlMjExaTEwMjQlMjEyaTc2OCUyMTRmMTMuMSUyMTNtMyUyMTFtMiUyMTFzMHgxMzJiYzBhYmY0N2ViNzkzJTI1M0EweDVlNTk2OTU4ZTRjZWViMSUyMTJzTEVNJTI1MjBJTkRVU1RSSUVTJTI1MjBTLlAuQS4lMjE1ZTAlMjEzbTIlMjExc2l0JTIxMnNpdCUyMTR2MTczODg0ODg1ODAyOSUyMTVtMiUyMTFzaXQlMjEyc2l0JTIyJTIwd2lkdGglM0QlMjIxMDAlMjUlMjIlMjBoZWlnaHQlM0QlMjI1MDAlMjIlMjBzdHlsZSUzRCUyMmJvcmRlciUzQTAlM0IlMjIlMjBhbGxvd2Z1bGxzY3JlZW4lM0QlMjIlMjIlMjBsb2FkaW5nJTNEJTIybGF6eSUyMiUyMHJlZmVycmVycG9saWN5JTNEJTIybm8tcmVmZXJyZXItd2hlbi1kb3duZ3JhZGUlMjIlM0UlM0MlMkZpZnJhbWUlM0U=[\/vc_raw_js][\/vc_column_inner][\/vc_row_inner][vc_separator sep_color=\u00a0\u00bb,Default\u00a0\u00bb][\/vc_column][\/vc_row]<\/p>\n<\/div>","protected":false},"excerpt":{"rendered":"<p>[vc_row row_height_percent=\u00a0\u00bb0&Prime; override_padding=\u00a0\u00bbyes\u00a0\u00bb h_padding=\u00a0\u00bb2&Prime; top_padding=\u00a0\u00bb3&Prime; bottom_padding=\u00a0\u00bb3&Prime; overlay_alpha=\u00a0\u00bb50&Prime; gutter_size=\u00a0\u00bb3&Prime; column_width_percent=\u00a0\u00bb100&Prime; shift_y=\u00a0\u00bb0&Prime; z_index=\u00a0\u00bb0&Prime; uncode_shortcode_id=\u00a0\u00bb537118&Prime; el_class=\u00a0\u00bbajax-filters\u00a0\u00bb][vc_column column_width_percent=\u00a0\u00bb100&Prime; gutter_size=\u00a0\u00bb3&Prime; overlay_alpha=\u00a0\u00bb50&Prime; shift_x=\u00a0\u00bb0&Prime; shift_y=\u00a0\u00bb0&Prime; shift_y_down=\u00a0\u00bb0&Prime; z_index=\u00a0\u00bb0&Prime; [&hellip;]<\/p>\n","protected":false},"author":1,"featured_media":1514,"parent":0,"menu_order":0,"comment_status":"closed","ping_status":"closed","template":"","meta":{"footnotes":""},"class_list":["post-2872","page","type-page","status-publish","has-post-thumbnail","hentry"],"yoast_head":"<!-- This site is optimized with the Yoast SEO plugin v27.2 - https:\/\/yoast.com\/product\/yoast-seo-wordpress\/ -->\n<title>Contact &#8211; Lem Galvanica<\/title>\n<meta name=\"robots\" content=\"index, follow, max-snippet:-1, max-image-preview:large, max-video-preview:-1\" \/>\n<link rel=\"canonical\" href=\"https:\/\/lemgalvanica.com\/fr\/contact\/\" \/>\n<meta property=\"og:locale\" content=\"fr_FR\" \/>\n<meta property=\"og:type\" content=\"article\" \/>\n<meta property=\"og:title\" content=\"Contact &#8211; Lem Galvanica\" \/>\n<meta property=\"og:description\" content=\"[vc_row row_height_percent=\u00a0\u00bb0&Prime; override_padding=\u00a0\u00bbyes\u00a0\u00bb h_padding=\u00a0\u00bb2&Prime; top_padding=\u00a0\u00bb3&Prime; bottom_padding=\u00a0\u00bb3&Prime; overlay_alpha=\u00a0\u00bb50&Prime; gutter_size=\u00a0\u00bb3&Prime; column_width_percent=\u00a0\u00bb100&Prime; shift_y=\u00a0\u00bb0&Prime; z_index=\u00a0\u00bb0&Prime; uncode_shortcode_id=\u00a0\u00bb537118&Prime; el_class=\u00a0\u00bbajax-filters\u00a0\u00bb][vc_column column_width_percent=\u00a0\u00bb100&Prime; gutter_size=\u00a0\u00bb3&Prime; overlay_alpha=\u00a0\u00bb50&Prime; shift_x=\u00a0\u00bb0&Prime; shift_y=\u00a0\u00bb0&Prime; shift_y_down=\u00a0\u00bb0&Prime; z_index=\u00a0\u00bb0&Prime; [&hellip;]\" \/>\n<meta property=\"og:url\" content=\"https:\/\/lemgalvanica.com\/fr\/contact\/\" \/>\n<meta property=\"og:site_name\" content=\"Lem Galvanica\" \/>\n<meta property=\"article:modified_time\" content=\"2025-03-13T10:50:30+00:00\" \/>\n<meta property=\"og:image\" content=\"https:\/\/lemgalvanica.com\/wp-content\/uploads\/Contatti.jpg\" \/>\n\t<meta property=\"og:image:width\" content=\"2400\" \/>\n\t<meta property=\"og:image:height\" content=\"1601\" \/>\n\t<meta property=\"og:image:type\" content=\"image\/jpeg\" \/>\n<meta name=\"twitter:card\" content=\"summary_large_image\" \/>\n<meta name=\"twitter:label1\" content=\"Dur\u00e9e de lecture estim\u00e9e\" \/>\n\t<meta name=\"twitter:data1\" content=\"2 minutes\" \/>\n<script type=\"application\/ld+json\" class=\"yoast-schema-graph\">{\"@context\":\"https:\/\/schema.org\",\"@graph\":[{\"@type\":\"WebPage\",\"@id\":\"https:\/\/lemgalvanica.com\/fr\/contact\/\",\"url\":\"https:\/\/lemgalvanica.com\/fr\/contact\/\",\"name\":\"Contact &#8211; Lem Galvanica\",\"isPartOf\":{\"@id\":\"https:\/\/lemgalvanica.com\/fr\/#website\"},\"primaryImageOfPage\":{\"@id\":\"https:\/\/lemgalvanica.com\/fr\/contact\/#primaryimage\"},\"image\":{\"@id\":\"https:\/\/lemgalvanica.com\/fr\/contact\/#primaryimage\"},\"thumbnailUrl\":\"https:\/\/lemgalvanica.com\/wp-content\/uploads\/Contatti.jpg\",\"datePublished\":\"2025-02-06T13:23:48+00:00\",\"dateModified\":\"2025-03-13T10:50:30+00:00\",\"breadcrumb\":{\"@id\":\"https:\/\/lemgalvanica.com\/fr\/contact\/#breadcrumb\"},\"inLanguage\":\"fr-FR\",\"potentialAction\":[{\"@type\":\"ReadAction\",\"target\":[\"https:\/\/lemgalvanica.com\/fr\/contact\/\"]}]},{\"@type\":\"ImageObject\",\"inLanguage\":\"fr-FR\",\"@id\":\"https:\/\/lemgalvanica.com\/fr\/contact\/#primaryimage\",\"url\":\"https:\/\/lemgalvanica.com\/wp-content\/uploads\/Contatti.jpg\",\"contentUrl\":\"https:\/\/lemgalvanica.com\/wp-content\/uploads\/Contatti.jpg\",\"width\":2400,\"height\":1601,\"caption\":\"LEM_Contatti\"},{\"@type\":\"BreadcrumbList\",\"@id\":\"https:\/\/lemgalvanica.com\/fr\/contact\/#breadcrumb\",\"itemListElement\":[{\"@type\":\"ListItem\",\"position\":1,\"name\":\"Home\",\"item\":\"https:\/\/lemgalvanica.com\/fr\/\"},{\"@type\":\"ListItem\",\"position\":2,\"name\":\"Contact\"}]},{\"@type\":\"WebSite\",\"@id\":\"https:\/\/lemgalvanica.com\/fr\/#website\",\"url\":\"https:\/\/lemgalvanica.com\/fr\/\",\"name\":\"Lem Galvanica\",\"description\":\"Innovazione e Made in Italy nel trattamento galvanico e PVD\",\"publisher\":{\"@id\":\"https:\/\/lemgalvanica.com\/fr\/#organization\"},\"potentialAction\":[{\"@type\":\"SearchAction\",\"target\":{\"@type\":\"EntryPoint\",\"urlTemplate\":\"https:\/\/lemgalvanica.com\/fr\/?s={search_term_string}\"},\"query-input\":{\"@type\":\"PropertyValueSpecification\",\"valueRequired\":true,\"valueName\":\"search_term_string\"}}],\"inLanguage\":\"fr-FR\"},{\"@type\":\"Organization\",\"@id\":\"https:\/\/lemgalvanica.com\/fr\/#organization\",\"name\":\"Lem Industries\",\"url\":\"https:\/\/lemgalvanica.com\/fr\/\",\"logo\":{\"@type\":\"ImageObject\",\"inLanguage\":\"fr-FR\",\"@id\":\"https:\/\/lemgalvanica.com\/fr\/#\/schema\/logo\/image\/\",\"url\":\"https:\/\/lemgalvanica.com\/wp-content\/uploads\/LEM_LEM-nuovo-logo.jpg\",\"contentUrl\":\"https:\/\/lemgalvanica.com\/wp-content\/uploads\/LEM_LEM-nuovo-logo.jpg\",\"width\":1920,\"height\":1280,\"caption\":\"Lem Industries\"},\"image\":{\"@id\":\"https:\/\/lemgalvanica.com\/fr\/#\/schema\/logo\/image\/\"},\"sameAs\":[\"https:\/\/www.linkedin.com\/company\/lem-industries\/\"]}]}<\/script>\n<!-- \/ Yoast SEO plugin. -->","yoast_head_json":{"title":"Contact &#8211; Lem Galvanica","robots":{"index":"index","follow":"follow","max-snippet":"max-snippet:-1","max-image-preview":"max-image-preview:large","max-video-preview":"max-video-preview:-1"},"canonical":"https:\/\/lemgalvanica.com\/fr\/contact\/","og_locale":"fr_FR","og_type":"article","og_title":"Contact &#8211; Lem Galvanica","og_description":"[vc_row row_height_percent=\u00a0\u00bb0&Prime; override_padding=\u00a0\u00bbyes\u00a0\u00bb h_padding=\u00a0\u00bb2&Prime; top_padding=\u00a0\u00bb3&Prime; bottom_padding=\u00a0\u00bb3&Prime; overlay_alpha=\u00a0\u00bb50&Prime; gutter_size=\u00a0\u00bb3&Prime; column_width_percent=\u00a0\u00bb100&Prime; shift_y=\u00a0\u00bb0&Prime; z_index=\u00a0\u00bb0&Prime; uncode_shortcode_id=\u00a0\u00bb537118&Prime; el_class=\u00a0\u00bbajax-filters\u00a0\u00bb][vc_column column_width_percent=\u00a0\u00bb100&Prime; gutter_size=\u00a0\u00bb3&Prime; overlay_alpha=\u00a0\u00bb50&Prime; shift_x=\u00a0\u00bb0&Prime; shift_y=\u00a0\u00bb0&Prime; shift_y_down=\u00a0\u00bb0&Prime; z_index=\u00a0\u00bb0&Prime; [&hellip;]","og_url":"https:\/\/lemgalvanica.com\/fr\/contact\/","og_site_name":"Lem Galvanica","article_modified_time":"2025-03-13T10:50:30+00:00","og_image":[{"width":2400,"height":1601,"url":"https:\/\/lemgalvanica.com\/wp-content\/uploads\/Contatti.jpg","type":"image\/jpeg"}],"twitter_card":"summary_large_image","twitter_misc":{"Dur\u00e9e de lecture estim\u00e9e":"2 minutes"},"schema":{"@context":"https:\/\/schema.org","@graph":[{"@type":"WebPage","@id":"https:\/\/lemgalvanica.com\/fr\/contact\/","url":"https:\/\/lemgalvanica.com\/fr\/contact\/","name":"Contact &#8211; Lem Galvanica","isPartOf":{"@id":"https:\/\/lemgalvanica.com\/fr\/#website"},"primaryImageOfPage":{"@id":"https:\/\/lemgalvanica.com\/fr\/contact\/#primaryimage"},"image":{"@id":"https:\/\/lemgalvanica.com\/fr\/contact\/#primaryimage"},"thumbnailUrl":"https:\/\/lemgalvanica.com\/wp-content\/uploads\/Contatti.jpg","datePublished":"2025-02-06T13:23:48+00:00","dateModified":"2025-03-13T10:50:30+00:00","breadcrumb":{"@id":"https:\/\/lemgalvanica.com\/fr\/contact\/#breadcrumb"},"inLanguage":"fr-FR","potentialAction":[{"@type":"ReadAction","target":["https:\/\/lemgalvanica.com\/fr\/contact\/"]}]},{"@type":"ImageObject","inLanguage":"fr-FR","@id":"https:\/\/lemgalvanica.com\/fr\/contact\/#primaryimage","url":"https:\/\/lemgalvanica.com\/wp-content\/uploads\/Contatti.jpg","contentUrl":"https:\/\/lemgalvanica.com\/wp-content\/uploads\/Contatti.jpg","width":2400,"height":1601,"caption":"LEM_Contatti"},{"@type":"BreadcrumbList","@id":"https:\/\/lemgalvanica.com\/fr\/contact\/#breadcrumb","itemListElement":[{"@type":"ListItem","position":1,"name":"Home","item":"https:\/\/lemgalvanica.com\/fr\/"},{"@type":"ListItem","position":2,"name":"Contact"}]},{"@type":"WebSite","@id":"https:\/\/lemgalvanica.com\/fr\/#website","url":"https:\/\/lemgalvanica.com\/fr\/","name":"Lem Galvanica","description":"Innovazione e Made in Italy nel trattamento galvanico e PVD","publisher":{"@id":"https:\/\/lemgalvanica.com\/fr\/#organization"},"potentialAction":[{"@type":"SearchAction","target":{"@type":"EntryPoint","urlTemplate":"https:\/\/lemgalvanica.com\/fr\/?s={search_term_string}"},"query-input":{"@type":"PropertyValueSpecification","valueRequired":true,"valueName":"search_term_string"}}],"inLanguage":"fr-FR"},{"@type":"Organization","@id":"https:\/\/lemgalvanica.com\/fr\/#organization","name":"Lem Industries","url":"https:\/\/lemgalvanica.com\/fr\/","logo":{"@type":"ImageObject","inLanguage":"fr-FR","@id":"https:\/\/lemgalvanica.com\/fr\/#\/schema\/logo\/image\/","url":"https:\/\/lemgalvanica.com\/wp-content\/uploads\/LEM_LEM-nuovo-logo.jpg","contentUrl":"https:\/\/lemgalvanica.com\/wp-content\/uploads\/LEM_LEM-nuovo-logo.jpg","width":1920,"height":1280,"caption":"Lem Industries"},"image":{"@id":"https:\/\/lemgalvanica.com\/fr\/#\/schema\/logo\/image\/"},"sameAs":["https:\/\/www.linkedin.com\/company\/lem-industries\/"]}]}},"_links":{"self":[{"href":"https:\/\/lemgalvanica.com\/fr\/wp-json\/wp\/v2\/pages\/2872","targetHints":{"allow":["GET"]}}],"collection":[{"href":"https:\/\/lemgalvanica.com\/fr\/wp-json\/wp\/v2\/pages"}],"about":[{"href":"https:\/\/lemgalvanica.com\/fr\/wp-json\/wp\/v2\/types\/page"}],"author":[{"embeddable":true,"href":"https:\/\/lemgalvanica.com\/fr\/wp-json\/wp\/v2\/users\/1"}],"replies":[{"embeddable":true,"href":"https:\/\/lemgalvanica.com\/fr\/wp-json\/wp\/v2\/comments?post=2872"}],"version-history":[{"count":2,"href":"https:\/\/lemgalvanica.com\/fr\/wp-json\/wp\/v2\/pages\/2872\/revisions"}],"predecessor-version":[{"id":2874,"href":"https:\/\/lemgalvanica.com\/fr\/wp-json\/wp\/v2\/pages\/2872\/revisions\/2874"}],"wp:featuredmedia":[{"embeddable":true,"href":"https:\/\/lemgalvanica.com\/fr\/wp-json\/wp\/v2\/media\/1514"}],"wp:attachment":[{"href":"https:\/\/lemgalvanica.com\/fr\/wp-json\/wp\/v2\/media?parent=2872"}],"curies":[{"name":"wp","href":"https:\/\/api.w.org\/{rel}","templated":true}]}}